{"id":4667,"date":"2022-11-24T15:31:23","date_gmt":"2023-09-20T12:52:27","guid":{"rendered":"https:\/\/evax-shop.ch\/?post_type=product&#038;p=4667"},"modified":"2023-09-20T15:01:38","modified_gmt":"2023-09-20T13:01:38","slug":"voucher-100","status":"publish","type":"product","link":"https:\/\/evax-shop.ch\/en\/product\/voucher-100\/","title":{"rendered":"Voucher 100.-"},"content":{"rendered":"<p>[et_pb_section fb_built=&#8221;1&#8243; _builder_version=&#8221;4.16&#8243; custom_padding=&#8221;0px||||false|false&#8221; da_disable_devices=&#8221;off|off|off&#8221; global_colors_info=&#8221;{}&#8221; da_is_popup=&#8221;off&#8221; da_exit_intent=&#8221;off&#8221; da_has_close=&#8221;on&#8221; da_alt_close=&#8221;off&#8221; da_dark_close=&#8221;off&#8221; da_not_modal=&#8221;on&#8221; da_is_singular=&#8221;off&#8221; da_with_loader=&#8221;off&#8221; da_has_shadow=&#8221;on&#8221;][\/et_pb_section][et_pb_section fb_built=&#8221;1&#8243; _builder_version=&#8221;4.21.0&#8243; custom_padding=&#8221;0px||0px||false|false&#8221; da_disable_devices=&#8221;off|off|off&#8221; global_colors_info=&#8221;{}&#8221; da_is_popup=&#8221;off&#8221; da_exit_intent=&#8221;off&#8221; da_has_close=&#8221;on&#8221; da_alt_close=&#8221;off&#8221; da_dark_close=&#8221;off&#8221; da_not_modal=&#8221;on&#8221; da_is_singular=&#8221;off&#8221; da_with_loader=&#8221;off&#8221; da_has_shadow=&#8221;on&#8221;][et_pb_row _builder_version=&#8221;4.16&#8243; custom_padding=&#8221;0px||0px||true|false&#8221; global_colors_info=&#8221;{}&#8221;][et_pb_column type=&#8221;4_4&#8243; _builder_version=&#8221;4.16&#8243; custom_padding=&#8221;|||&#8221; global_colors_info=&#8221;{}&#8221; custom_padding__hover=&#8221;|||&#8221;][et_pb_wc_cart_notice _builder_version=&#8221;4.16&#8243; background_color=&#8221;#9cd699&#8243; custom_button=&#8221;on&#8221; button_text_color=&#8221;#FFFFFF&#8221; global_colors_info=&#8221;{}&#8221;][\/et_pb_wc_cart_notice][\/et_pb_column][\/et_pb_row][\/et_pb_section][et_pb_section fb_built=&#8221;1&#8243; _builder_version=&#8221;4.16&#8243; background_color=&#8221;#FFFFFF&#8221; overflow-x=&#8221;hidden&#8221; overflow-y=&#8221;hidden&#8221; custom_margin=&#8221;||||true|false&#8221; da_disable_devices=&#8221;off|off|off&#8221; locked=&#8221;off&#8221; global_colors_info=&#8221;{}&#8221; da_is_popup=&#8221;off&#8221; da_exit_intent=&#8221;off&#8221; da_has_close=&#8221;on&#8221; da_alt_close=&#8221;off&#8221; da_dark_close=&#8221;off&#8221; da_not_modal=&#8221;on&#8221; da_is_singular=&#8221;off&#8221; da_with_loader=&#8221;off&#8221; da_has_shadow=&#8221;on&#8221;][et_pb_row column_structure=&#8221;1_2,1_2&#8243; _builder_version=&#8221;4.16&#8243; custom_margin=&#8221;40px||||false|false&#8221; custom_padding=&#8221;||0px||false|false&#8221; global_colors_info=&#8221;{}&#8221;][et_pb_column type=&#8221;1_2&#8243; _builder_version=&#8221;4.16&#8243; overflow-x=&#8221;visible&#8221; overflow-y=&#8221;visible&#8221; custom_padding=&#8221;||||false|false&#8221; global_colors_info=&#8221;{}&#8221;][et_pb_wc_images _builder_version=&#8221;4.16&#8243; custom_margin=&#8221;||||false|false&#8221; custom_margin_tablet=&#8221;||||false|false&#8221; custom_margin_phone=&#8221;0px||||false|false&#8221; custom_margin_last_edited=&#8221;on|phone&#8221; global_colors_info=&#8221;{}&#8221;][\/et_pb_wc_images][\/et_pb_column][et_pb_column type=&#8221;1_2&#8243; _builder_version=&#8221;4.16&#8243; global_colors_info=&#8221;{}&#8221;][et_pb_wc_title _builder_version=&#8221;4.16&#8243; header_font_size=&#8221;28px&#8221; header_font_size_tablet=&#8221;48px&#8221; header_font_size_phone=&#8221;32px&#8221; header_font_size_last_edited=&#8221;on|phone&#8221; global_colors_info=&#8221;{}&#8221;][\/et_pb_wc_title][et_pb_wc_description _builder_version=&#8221;4.16&#8243; global_colors_info=&#8221;{}&#8221;][\/et_pb_wc_description][et_pb_wc_price _builder_version=&#8221;4.16&#8243; body_text_color=&#8221;#00aa33&#8243; body_font_size=&#8221;28px&#8221; custom_margin=&#8221;25px||15px||false|false&#8221; custom_padding=&#8221;||||false|false&#8221; global_colors_info=&#8221;{}&#8221;][\/et_pb_wc_price][et_pb_wc_description description_type=&#8221;description&#8221; _builder_version=&#8221;4.16&#8243; global_colors_info=&#8221;{}&#8221;][\/et_pb_wc_description][et_pb_wc_add_to_cart _builder_version=&#8221;4.16&#8243; fields_background_color=&#8221;rgba(38,47,68,0.08)&#8221; fields_text_color=&#8221;#262f44&#8243; fields_focus_background_color=&#8221;rgba(0,0,0,0)&#8221; fields_focus_text_color=&#8221;#262f44&#8243; fields_custom_margin=&#8221;|6px|||false|false&#8221; fields_custom_padding=&#8221;32px||32px||true|false&#8221; dropdown_menus_background_color=&#8221;#d9e0ea&#8221; dropdown_menus_custom_margin=&#8221;||||false|false&#8221; field_label_font=&#8221;Raleway|500|||||||&#8221; field_label_text_color=&#8221;#262f44&#8243; field_label_font_size=&#8221;12px&#8221; fields_font=&#8221;Raleway||||||||&#8221; fields_font_size=&#8221;16px&#8221; dropdown_menus_font=&#8221;||||||||&#8221; custom_button=&#8221;on&#8221; button_text_size=&#8221;13px&#8221; button_text_color=&#8221;rgba(255,255,255,0.8)&#8221; button_bg_color=&#8221;#00aa33&#8243; button_border_width=&#8221;0px&#8221; button_border_radius=&#8221;5px&#8221; button_letter_spacing=&#8221;3px&#8221; button_use_icon=&#8221;off&#8221; button_custom_padding=&#8221;13px|65px|13px|65px|true|true&#8221; custom_padding=&#8221;||||false|false&#8221; border_width_all_fields=&#8221;1px&#8221; border_color_all_fields=&#8221;#0C71C3&#8243; border_width_all_dropdown_menus=&#8221;10px&#8221; border_color_all_dropdown_menus=&#8221;rgba(0,0,0,0)&#8221; box_shadow_style_button=&#8221;preset1&#8243; box_shadow_vertical_button=&#8221;12px&#8221; box_shadow_blur_button=&#8221;38px&#8221; box_shadow_color_button=&#8221;rgba(38,47,68,0.36)&#8221; body_font=&#8221;Raleway|500|||||||&#8221; body_text_color=&#8221;#262f44&#8243; body_font_size=&#8221;12px&#8221; locked=&#8221;off&#8221; global_colors_info=&#8221;{}&#8221; dropdown_menus_text_color__hover_enabled=&#8221;off|desktop&#8221;][\/et_pb_wc_add_to_cart][\/et_pb_column][\/et_pb_row][et_pb_row _builder_version=&#8221;4.22.1&#8243; _module_preset=&#8221;default&#8221;][et_pb_column _builder_version=&#8221;4.22.1&#8243; _module_preset=&#8221;default&#8221; type=&#8221;4_4&#8243;][et_pb_text _builder_version=&#8221;4.22.1&#8243; _module_preset=&#8221;default&#8221; hover_enabled=&#8221;0&#8243; sticky_enabled=&#8221;0&#8243;]<\/p>\n<p>With the Care&amp;Protect gift vouchers we offer the perfect gift for horse lovers. The vouchers are available in CHF 50 and CHF 100 and can be redeemed for all our high-quality horse care products. Best of all, you give your loved ones the freedom to choose their personal favorites from our range.<\/p>\n<p>Please note that the vouchers can only be used for the purchase of our care products and cannot be redeemed for cash. No partial redemption possible.<\/p>\n<p><a href=\"https:\/\/evax-shop.ch\/en\/product\/voucher-50\/\">The voucher is also available in a 50-CHF variant.<\/a><\/p>\n<p>[\/et_pb_text][\/et_pb_column][\/et_pb_row][et_pb_row column_structure=&#8221;1_3,1_3,1_3&#8243; _builder_version=&#8221;4.16&#8243; custom_margin=&#8221;||0px||false|false&#8221; custom_margin_tablet=&#8221;&#8221; custom_margin_phone=&#8221;&#8221; custom_margin_last_edited=&#8221;on|tablet&#8221; custom_padding=&#8221;||0px||false|false&#8221; locked=&#8221;off&#8221; global_colors_info=&#8221;{}&#8221;][et_pb_column type=&#8221;1_3&#8243; _builder_version=&#8221;4.16&#8243; custom_padding=&#8221;50px||||false|false&#8221; custom_padding_tablet=&#8221;50px||0px||false|false&#8221; custom_padding_phone=&#8221;&#8221; custom_padding_last_edited=&#8221;on|tablet&#8221; global_colors_info=&#8221;{}&#8221;][et_pb_blurb title=&#8221;Entwickelt in der Schweiz&#8221; image=&#8221;https:\/\/evax-shop.ch\/wp-content\/uploads\/2021\/11\/thin_-Hergestellt-in-der-schweiz-EVAX_2.png&#8221; image_icon_width=&#8221;50%&#8221; _builder_version=&#8221;4.16&#8243; _module_preset=&#8221;default&#8221; text_orientation=&#8221;center&#8221; custom_margin=&#8221;|-8px||||&#8221; global_colors_info=&#8221;{}&#8221;][\/et_pb_blurb][\/et_pb_column][et_pb_column type=&#8221;1_3&#8243; _builder_version=&#8221;4.16&#8243; custom_padding=&#8221;50px||||false|false&#8221; custom_padding_tablet=&#8221;50px||0px||false|false&#8221; custom_padding_phone=&#8221;&#8221; custom_padding_last_edited=&#8221;on|tablet&#8221; global_colors_info=&#8221;{}&#8221;][et_pb_blurb title=&#8221;Pflegt die Pferdehaut&#8221; image=&#8221;https:\/\/evax-shop.ch\/wp-content\/uploads\/2021\/11\/thin_-Pflege-fuer-Forschung-EVAX-1.png&#8221; image_icon_width=&#8221;50%&#8221; _builder_version=&#8221;4.16&#8243; _module_preset=&#8221;default&#8221; text_orientation=&#8221;center&#8221; global_colors_info=&#8221;{}&#8221;][\/et_pb_blurb][\/et_pb_column][et_pb_column type=&#8221;1_3&#8243; _builder_version=&#8221;4.16&#8243; custom_padding=&#8221;50px||||false|false&#8221; custom_padding_tablet=&#8221;50px||0px||false|false&#8221; custom_padding_phone=&#8221;&#8221; custom_padding_last_edited=&#8221;on|tablet&#8221; global_colors_info=&#8221;{}&#8221;][et_pb_blurb title=&#8221;ADMR-konform&#8221; image=&#8221;https:\/\/evax-shop.ch\/wp-content\/uploads\/2021\/11\/Medaille_Pferd_gruen.gif&#8221; image_icon_width=&#8221;50%&#8221; _builder_version=&#8221;4.16&#8243; _module_preset=&#8221;default&#8221; text_orientation=&#8221;center&#8221; global_colors_info=&#8221;{}&#8221;][\/et_pb_blurb][\/et_pb_column][\/et_pb_row][et_pb_row _builder_version=&#8221;4.16&#8243; _module_preset=&#8221;default&#8221; global_colors_info=&#8221;{}&#8221;][et_pb_column type=&#8221;4_4&#8243; _builder_version=&#8221;4.16&#8243; _module_preset=&#8221;default&#8221; global_colors_info=&#8221;{}&#8221;][\/et_pb_column][\/et_pb_row][et_pb_row _builder_version=&#8221;4.16&#8243; custom_margin=&#8221;|auto|-83px|auto|false|false&#8221; custom_padding=&#8221;||0px||false|false&#8221; global_colors_info=&#8221;{}&#8221;][et_pb_column type=&#8221;4_4&#8243; _builder_version=&#8221;4.16&#8243; custom_padding=&#8221;||100px||false|false&#8221; global_colors_info=&#8221;{}&#8221;][et_pb_text _builder_version=&#8221;4.21.0&#8243; _module_preset=&#8221;default&#8221; text_font_size=&#8221;18px&#8221; background_color=&#8221;#00aa33&#8243; background_image=&#8221;https:\/\/evax-shop.ch\/wp-content\/uploads\/2021\/11\/Toelter_weiss.gif&#8221; background_size=&#8221;contain&#8221; background_position=&#8221;center_right&#8221; background_layout=&#8221;dark&#8221; custom_padding=&#8221;40px|300px|40px|40px|true|false&#8221; custom_padding_tablet=&#8221;20px|20px|20px|20px|false|true&#8221; custom_padding_phone=&#8221;15px|15px|15px|15px|false|true&#8221; custom_padding_last_edited=&#8221;on|phone&#8221; background_last_edited=&#8221;on|tablet&#8221; background_enable_image_tablet=&#8221;off&#8221; background_enable_image_phone=&#8221;off&#8221; border_radii=&#8221;on|5px|5px|5px|5px&#8221; saved_tabs=&#8221;all&#8221; locked=&#8221;off&#8221; global_colors_info=&#8221;{}&#8221; custom_padding__hover_enabled=&#8221;off|hover&#8221; custom_padding__hover=&#8221;||||true|true&#8221; background__hover_enabled=&#8221;off|hover&#8221; background_image__hover=&#8221;https:\/\/evax-shop.ch\/wp-content\/uploads\/2021\/10\/Evax-Pferd-bewegung.png&#8221; background_enable_image__hover=&#8221;on&#8221; background_size__hover=&#8221;contain&#8221;]Mit jedem Kauf unserer Pflegeprodukte f\u00fcr Pferde unterst\u00fctzt du die weitere Entwicklung effektiver Therapien f\u00fcr chronische Krankheiten wie Allergien und Atemwegserkrankungen in Pferden.<\/p>\n<p>Alle Infos zu unserer Forschung findest du <span style=\"text-decoration: underline;\"><span style=\"color: #ffffff; text-decoration: underline;\"><a style=\"color: #ffffff; text-decoration: underline;\" href=\"https:\/\/www.evax.ch\/evax-news-und-infos-zur-forschung\/\">hier<\/a><\/span><\/span>.<br \/>\n[\/et_pb_text][\/et_pb_column][\/et_pb_row][\/et_pb_section]<\/p>\n","protected":false},"excerpt":{"rendered":"<p>With the Care&amp;Protect gift vouchers we offer the perfect gift for horse lovers. The vouchers are available in CHF 50 and CHF 100 and can be redeemed for all our high-quality horse care products. Best of all, you give your loved ones the freedom to choose their personal favorites from our range. Please note that [&hellip;]<\/p>\n","protected":false},"featured_media":3423,"comment_status":"open","ping_status":"closed","template":"","meta":{"_et_pb_use_builder":"on","_et_pb_old_content":"","_et_gb_content_width":""},"product_brand":[],"product_cat":[],"product_tag":[],"class_list":{"0":"post-4667","1":"product","2":"type-product","3":"status-publish","4":"has-post-thumbnail","6":"product_shipping_class-letter","8":"first","9":"instock","10":"downloadable","11":"taxable","12":"shipping-taxable","13":"purchasable","14":"product-type-simple"},"bundled_by":[],"bundle_stock_status":"instock","bundle_stock_quantity":null,"bundle_virtual":false,"bundle_layout":"","bundle_add_to_cart_form_location":"","bundle_editable_in_cart":false,"bundle_sold_individually_context":"","bundle_item_grouping":"","bundle_min_size":"","bundle_max_size":"","bundle_price":[],"bundled_items":[],"bundle_sell_ids":[],"yoast_head":"<!-- This site is optimized with the Yoast SEO plugin v27.5 - https:\/\/yoast.com\/product\/yoast-seo-wordpress\/ -->\n<title>Voucher 100.- EVAX Shop<\/title>\n<meta name=\"robots\" content=\"index, follow, max-snippet:-1, max-image-preview:large, max-video-preview:-1\" \/>\n<link rel=\"canonical\" href=\"https:\/\/evax-shop.ch\/en\/product\/voucher-100\/\" \/>\n<meta property=\"og:locale\" content=\"en_US\" \/>\n<meta property=\"og:type\" content=\"article\" \/>\n<meta property=\"og:title\" content=\"Voucher 100.- EVAX Shop\" \/>\n<meta property=\"og:description\" content=\"With the Care&amp;Protect gift vouchers we offer the perfect gift for horse lovers. The vouchers are available in CHF 50 and CHF 100 and can be redeemed for all our high-quality horse care products. Best of all, you give your loved ones the freedom to choose their personal favorites from our range. Please note that [&hellip;]\" \/>\n<meta property=\"og:url\" content=\"https:\/\/evax-shop.ch\/en\/product\/voucher-100\/\" \/>\n<meta property=\"og:site_name\" content=\"EVAX Shop\" \/>\n<meta property=\"article:modified_time\" content=\"2023-09-20T13:01:38+00:00\" \/>\n<meta property=\"og:image\" content=\"https:\/\/evax-shop.ch\/wp-content\/uploads\/2022\/12\/Evax-Webshop-Voucher_final_CH-100-quadrat.png\" \/>\n\t<meta property=\"og:image:width\" content=\"1240\" \/>\n\t<meta property=\"og:image:height\" content=\"1240\" \/>\n\t<meta property=\"og:image:type\" content=\"image\/png\" \/>\n<meta name=\"twitter:card\" content=\"summary_large_image\" \/>\n<meta name=\"twitter:label1\" content=\"Est. reading time\" \/>\n\t<meta name=\"twitter:data1\" content=\"2 minutes\" \/>\n<script type=\"application\/ld+json\" class=\"yoast-schema-graph\">{\"@context\":\"https:\\\/\\\/schema.org\",\"@graph\":[{\"@type\":\"WebPage\",\"@id\":\"https:\\\/\\\/evax-shop.ch\\\/en\\\/product\\\/voucher-100\\\/\",\"url\":\"https:\\\/\\\/evax-shop.ch\\\/en\\\/product\\\/voucher-100\\\/\",\"name\":\"Voucher 100.- EVAX Shop\",\"isPartOf\":{\"@id\":\"https:\\\/\\\/evax-shop.ch\\\/en\\\/#website\"},\"primaryImageOfPage\":{\"@id\":\"https:\\\/\\\/evax-shop.ch\\\/en\\\/product\\\/voucher-100\\\/#primaryimage\"},\"image\":{\"@id\":\"https:\\\/\\\/evax-shop.ch\\\/en\\\/product\\\/voucher-100\\\/#primaryimage\"},\"thumbnailUrl\":\"https:\\\/\\\/evax-shop.ch\\\/wp-content\\\/uploads\\\/2022\\\/12\\\/Evax-Webshop-Voucher_final_CH-100-quadrat.png\",\"datePublished\":\"2023-09-20T12:52:27+00:00\",\"dateModified\":\"2023-09-20T13:01:38+00:00\",\"breadcrumb\":{\"@id\":\"https:\\\/\\\/evax-shop.ch\\\/en\\\/product\\\/voucher-100\\\/#breadcrumb\"},\"inLanguage\":\"en-US\",\"potentialAction\":[{\"@type\":\"ReadAction\",\"target\":[\"https:\\\/\\\/evax-shop.ch\\\/en\\\/product\\\/voucher-100\\\/\"]}]},{\"@type\":\"ImageObject\",\"inLanguage\":\"en-US\",\"@id\":\"https:\\\/\\\/evax-shop.ch\\\/en\\\/product\\\/voucher-100\\\/#primaryimage\",\"url\":\"https:\\\/\\\/evax-shop.ch\\\/wp-content\\\/uploads\\\/2022\\\/12\\\/Evax-Webshop-Voucher_final_CH-100-quadrat.png\",\"contentUrl\":\"https:\\\/\\\/evax-shop.ch\\\/wp-content\\\/uploads\\\/2022\\\/12\\\/Evax-Webshop-Voucher_final_CH-100-quadrat.png\",\"width\":1240,\"height\":1240},{\"@type\":\"BreadcrumbList\",\"@id\":\"https:\\\/\\\/evax-shop.ch\\\/en\\\/product\\\/voucher-100\\\/#breadcrumb\",\"itemListElement\":[{\"@type\":\"ListItem\",\"position\":1,\"name\":\"Startseite\",\"item\":\"https:\\\/\\\/evax-shop.ch\\\/en\\\/\"},{\"@type\":\"ListItem\",\"position\":2,\"name\":\"Shop\",\"item\":\"https:\\\/\\\/evax-shop.ch\\\/en\\\/shop\\\/\"},{\"@type\":\"ListItem\",\"position\":3,\"name\":\"Voucher 100.-\"}]},{\"@type\":\"WebSite\",\"@id\":\"https:\\\/\\\/evax-shop.ch\\\/en\\\/#website\",\"url\":\"https:\\\/\\\/evax-shop.ch\\\/en\\\/\",\"name\":\"EVAX Shop\",\"description\":\"Pflegeprodukte f\u00fcr Pferde\",\"potentialAction\":[{\"@type\":\"SearchAction\",\"target\":{\"@type\":\"EntryPoint\",\"urlTemplate\":\"https:\\\/\\\/evax-shop.ch\\\/en\\\/?s={search_term_string}\"},\"query-input\":{\"@type\":\"PropertyValueSpecification\",\"valueRequired\":true,\"valueName\":\"search_term_string\"}}],\"inLanguage\":\"en-US\"}]}<\/script>\n<!-- \/ Yoast SEO plugin. -->","yoast_head_json":{"title":"Voucher 100.- EVAX Shop","robots":{"index":"index","follow":"follow","max-snippet":"max-snippet:-1","max-image-preview":"max-image-preview:large","max-video-preview":"max-video-preview:-1"},"canonical":"https:\/\/evax-shop.ch\/en\/product\/voucher-100\/","og_locale":"en_US","og_type":"article","og_title":"Voucher 100.- EVAX Shop","og_description":"With the Care&amp;Protect gift vouchers we offer the perfect gift for horse lovers. The vouchers are available in CHF 50 and CHF 100 and can be redeemed for all our high-quality horse care products. Best of all, you give your loved ones the freedom to choose their personal favorites from our range. Please note that [&hellip;]","og_url":"https:\/\/evax-shop.ch\/en\/product\/voucher-100\/","og_site_name":"EVAX Shop","article_modified_time":"2023-09-20T13:01:38+00:00","og_image":[{"width":1240,"height":1240,"url":"https:\/\/evax-shop.ch\/wp-content\/uploads\/2022\/12\/Evax-Webshop-Voucher_final_CH-100-quadrat.png","type":"image\/png"}],"twitter_card":"summary_large_image","twitter_misc":{"Est. reading time":"2 minutes"},"schema":{"@context":"https:\/\/schema.org","@graph":[{"@type":"WebPage","@id":"https:\/\/evax-shop.ch\/en\/product\/voucher-100\/","url":"https:\/\/evax-shop.ch\/en\/product\/voucher-100\/","name":"Voucher 100.- EVAX Shop","isPartOf":{"@id":"https:\/\/evax-shop.ch\/en\/#website"},"primaryImageOfPage":{"@id":"https:\/\/evax-shop.ch\/en\/product\/voucher-100\/#primaryimage"},"image":{"@id":"https:\/\/evax-shop.ch\/en\/product\/voucher-100\/#primaryimage"},"thumbnailUrl":"https:\/\/evax-shop.ch\/wp-content\/uploads\/2022\/12\/Evax-Webshop-Voucher_final_CH-100-quadrat.png","datePublished":"2023-09-20T12:52:27+00:00","dateModified":"2023-09-20T13:01:38+00:00","breadcrumb":{"@id":"https:\/\/evax-shop.ch\/en\/product\/voucher-100\/#breadcrumb"},"inLanguage":"en-US","potentialAction":[{"@type":"ReadAction","target":["https:\/\/evax-shop.ch\/en\/product\/voucher-100\/"]}]},{"@type":"ImageObject","inLanguage":"en-US","@id":"https:\/\/evax-shop.ch\/en\/product\/voucher-100\/#primaryimage","url":"https:\/\/evax-shop.ch\/wp-content\/uploads\/2022\/12\/Evax-Webshop-Voucher_final_CH-100-quadrat.png","contentUrl":"https:\/\/evax-shop.ch\/wp-content\/uploads\/2022\/12\/Evax-Webshop-Voucher_final_CH-100-quadrat.png","width":1240,"height":1240},{"@type":"BreadcrumbList","@id":"https:\/\/evax-shop.ch\/en\/product\/voucher-100\/#breadcrumb","itemListElement":[{"@type":"ListItem","position":1,"name":"Startseite","item":"https:\/\/evax-shop.ch\/en\/"},{"@type":"ListItem","position":2,"name":"Shop","item":"https:\/\/evax-shop.ch\/en\/shop\/"},{"@type":"ListItem","position":3,"name":"Voucher 100.-"}]},{"@type":"WebSite","@id":"https:\/\/evax-shop.ch\/en\/#website","url":"https:\/\/evax-shop.ch\/en\/","name":"EVAX Shop","description":"Pflegeprodukte f\u00fcr Pferde","potentialAction":[{"@type":"SearchAction","target":{"@type":"EntryPoint","urlTemplate":"https:\/\/evax-shop.ch\/en\/?s={search_term_string}"},"query-input":{"@type":"PropertyValueSpecification","valueRequired":true,"valueName":"search_term_string"}}],"inLanguage":"en-US"}]}},"_links":{"self":[{"href":"https:\/\/evax-shop.ch\/en\/wp-json\/wp\/v2\/product\/4667","targetHints":{"allow":["GET"]}}],"collection":[{"href":"https:\/\/evax-shop.ch\/en\/wp-json\/wp\/v2\/product"}],"about":[{"href":"https:\/\/evax-shop.ch\/en\/wp-json\/wp\/v2\/types\/product"}],"replies":[{"embeddable":true,"href":"https:\/\/evax-shop.ch\/en\/wp-json\/wp\/v2\/comments?post=4667"}],"wp:featuredmedia":[{"embeddable":true,"href":"https:\/\/evax-shop.ch\/en\/wp-json\/wp\/v2\/media\/3423"}],"wp:attachment":[{"href":"https:\/\/evax-shop.ch\/en\/wp-json\/wp\/v2\/media?parent=4667"}],"wp:term":[{"taxonomy":"product_brand","embeddable":true,"href":"https:\/\/evax-shop.ch\/en\/wp-json\/wp\/v2\/product_brand?post=4667"},{"taxonomy":"product_cat","embeddable":true,"href":"https:\/\/evax-shop.ch\/en\/wp-json\/wp\/v2\/product_cat?post=4667"},{"taxonomy":"product_tag","embeddable":true,"href":"https:\/\/evax-shop.ch\/en\/wp-json\/wp\/v2\/product_tag?post=4667"}],"curies":[{"name":"wp","href":"https:\/\/api.w.org\/{rel}","templated":true}]}}