{"id":4754,"date":"2023-10-06T14:56:58","date_gmt":"2023-10-06T12:56:58","guid":{"rendered":"https:\/\/evax-shop.ch\/?page_id=4754"},"modified":"2025-08-20T09:30:18","modified_gmt":"2025-08-20T07:30:18","slug":"diagnostics","status":"publish","type":"page","link":"https:\/\/evax-shop.ch\/en\/diagnostics\/","title":{"rendered":"Diagnostics"},"content":{"rendered":"<p>[et_pb_section fb_built=&#8221;1&#8243; custom_padding_last_edited=&#8221;on|desktop&#8221; _builder_version=&#8221;4.22.2&#8243; _module_preset=&#8221;default&#8221; background_image=&#8221;https:\/\/evax-shop.ch\/wp-content\/uploads\/2021\/11\/Test_Shop_Bild_2.jpg&#8221; custom_padding=&#8221;10vh||10vh||true|false&#8221; custom_padding_tablet=&#8221;&#8221; custom_padding_phone=&#8221;&#8221; global_colors_info=&#8221;{}&#8221;][et_pb_row _builder_version=&#8221;4.16&#8243; _module_preset=&#8221;default&#8221; global_colors_info=&#8221;{}&#8221;][et_pb_column type=&#8221;4_4&#8243; _builder_version=&#8221;4.16&#8243; _module_preset=&#8221;default&#8221; global_colors_info=&#8221;{}&#8221;][et_pb_text _builder_version=&#8221;4.25.1&#8243; _module_preset=&#8221;default&#8221; background_layout=&#8221;dark&#8221; global_colors_info=&#8221;{}&#8221;]<\/p>\n<h1>Diagnostics<\/h1>\n<p>[\/et_pb_text][\/et_pb_column][\/et_pb_row][\/et_pb_section][et_pb_section fb_built=&#8221;1&#8243; _builder_version=&#8221;4.16&#8243; _module_preset=&#8221;default&#8221; global_colors_info=&#8221;{}&#8221;][et_pb_row _builder_version=&#8221;4.16&#8243; _module_preset=&#8221;default&#8221; global_colors_info=&#8221;{}&#8221;][et_pb_column type=&#8221;4_4&#8243; _builder_version=&#8221;4.16&#8243; _module_preset=&#8221;default&#8221; global_colors_info=&#8221;{}&#8221;][et_pb_text _builder_version=&#8221;4.27.4&#8243; _module_preset=&#8221;default&#8221; hover_enabled=&#8221;0&#8243; global_colors_info=&#8221;{}&#8221; sticky_enabled=&#8221;0&#8243;]<\/p>\n<h5>Evax offers a diagnostic service for sweet itch in horses.<\/h5>\n<p>The Evax laboratory team has developed a method to determine whether a horse has sweet itch by means of molecular biology analysis of skin biopsies. In an affected horse, certain genes are more active than in healthy horses. This gene activity is measured by gene quantification through qPCR and interpreted by our experts.<\/p>\n<p>By using the latest methods, a small biopsy is sufficient for us, which is why no wound closure is necessary. Nevertheless, we recommend local anesthesia.<\/p>\n<p><strong><\/strong><\/p>\n<p><strong>For veterinarians<\/strong><\/p>\n<p>This service is only available to veterinarians in Switzerland, Germany and Austria. You can contact us at the e-mail <a href=\"mailto:diagnostics@evax.ch\">diagnostics@evax.ch<\/a>. We will create an account for you, which will give you access to our service. When registering, please provide your name, the address of your practice and the VAT ID. We will also need proof that you are a veterinarian.<br \/>As a registered veterinarian you will automatically receive a discount on our care products for resale.<\/p>\n<p><strong><\/strong><\/p>\n<p><strong>For horse owners<\/strong><\/p>\n<p>If you are not a veterinarian and would like to have your horse tested, please contact your veterinarian so that he can get in touch with us.<\/p>\n<p>&nbsp;<\/p>\n<h5>Procedure:<\/h5>\n<p>After ordering, we will send you a kit with a biopsy punch device (2 mm), a tube to store the biopsy in and all necessary documentation. Once you have taken the biopsy, fill out the request form and send the biopsy and the form to:<\/p>\n<p><span>Evax AG<\/span><br \/><span>Im Binz 3<\/span><br \/><span>8357 Guntershausen<\/span><\/p>\n<p>You will receive the results within 1-2 weeks by e-mail including interpretation and therapy recommendations from our experts. Pay for the analysis conveniently by invoice after receiving the results.<\/p>\n<p>If you have any questions, please do not hesitate to contact us. The best way is by E-mail via <a href=\"mailto:diagnostics@evax.ch\">diagnostics@evax.ch<\/a>.<\/p>\n<p>In urgent cases call +41 76 454 74 15.<\/p>\n<p>[\/et_pb_text][\/et_pb_column][\/et_pb_row][\/et_pb_section][et_pb_section fb_built=&#8221;1&#8243; _builder_version=&#8221;4.22.0&#8243; _module_preset=&#8221;default&#8221; global_colors_info=&#8221;{}&#8221;][\/et_pb_section]<\/p>\n","protected":false},"excerpt":{"rendered":"<p>DiagnosticsEvax offers a diagnostic service for sweet itch in horses. The Evax laboratory team has developed a method to determine whether a horse has sweet itch by means of molecular biology analysis of skin biopsies. In an affected horse, certain genes are more active than in healthy horses. This gene activity is measured by gene [&hellip;]<\/p>\n","protected":false},"author":4,"featured_media":0,"parent":0,"menu_order":0,"comment_status":"closed","ping_status":"closed","template":"","meta":{"_et_pb_use_builder":"on","_et_pb_old_content":"<p>[et_pb_section fb_built=\"1\" custom_padding_last_edited=\"on|desktop\" _builder_version=\"4.22.2\" _module_preset=\"default\" background_image=\"https:\/\/evax-shop.ch\/wp-content\/uploads\/2021\/11\/Test_Shop_Bild_2.jpg\" custom_padding=\"10vh||10vh||true|false\" custom_padding_tablet=\"\" custom_padding_phone=\"\" da_disable_devices=\"off|off|off\" global_colors_info=\"{}\" da_is_popup=\"off\" da_exit_intent=\"off\" da_has_close=\"on\" da_alt_close=\"off\" da_dark_close=\"off\" da_not_modal=\"on\" da_is_singular=\"off\" da_with_loader=\"off\" da_has_shadow=\"on\"][et_pb_row _builder_version=\"4.16\" _module_preset=\"default\" global_colors_info=\"{}\"][et_pb_column type=\"4_4\" _builder_version=\"4.16\" _module_preset=\"default\" global_colors_info=\"{}\"][et_pb_text _builder_version=\"4.22.2\" _module_preset=\"default\" background_layout=\"dark\" global_colors_info=\"{}\"]<\/p><h1>Diagnostik<\/h1><p>[\/et_pb_text][\/et_pb_column][\/et_pb_row][\/et_pb_section][et_pb_section fb_built=\"1\" _builder_version=\"4.16\" _module_preset=\"default\" da_disable_devices=\"off|off|off\" global_colors_info=\"{}\" da_is_popup=\"off\" da_exit_intent=\"off\" da_has_close=\"on\" da_alt_close=\"off\" da_dark_close=\"off\" da_not_modal=\"on\" da_is_singular=\"off\" da_with_loader=\"off\" da_has_shadow=\"on\"][et_pb_row _builder_version=\"4.16\" _module_preset=\"default\" global_colors_info=\"{}\"][et_pb_column type=\"4_4\" _builder_version=\"4.16\" _module_preset=\"default\" global_colors_info=\"{}\"][et_pb_text _builder_version=\"4.22.2\" _module_preset=\"default\" hover_enabled=\"0\" global_colors_info=\"{}\" sticky_enabled=\"0\"]<\/p><h3>NEU!<\/h3><p>\u00a0<\/p><p>\u00a0<\/p><h4><span style=\"color: #ff0000;\">Erste 20 Analysen sind kostenlos.<\/span><\/h4><p>(G\u00fcltig bis Ende November 2023)<\/p><p>\u00a0<\/p><p>\u00a0<\/p><h5>Evax bietet eine Diagnostik f\u00fcr Sommerekzem beim Pferd an.<\/h5><p>Das Evax Laborteam hat eine Methode entwickelt um mittels molekularbiologischer Analyse von Haubiopsien festzustellen ob ein Pferd an Sommerekzem erkrankt ist. Bei einem betroffenen Pferd sind bestimmte Gene aktiver als es bei gesunden Pferden der Fall ist. Diese Gen-Aktivit\u00e4t wird mittels Gen-Quantifizierung durch qPCR gemessen und von unseren Experten interpretiert.<\/p><p>Durch die Verwendung von neusten Methoden reicht uns bereits eine kleine Biopsie aus, weswegen kein Wundverschluss notwendig ist. Wir empfehlen dennoch eine Lokalan\u00e4sthesie.\u00a0<\/p><p>\u00a0<\/p><p>Wenn Sie Veterin\u00e4rmediziner\/in sind und eine Diagnostik durchf\u00fchren lassen m\u00f6chten, k\u00f6nnen sie sich per Email bei <a href=\"mailto:diagnostics@evax.ch\">diagnostics@evax.ch<\/a> melden. Wir erstellen ihnen ein Konto, damit habe sie Zugang zu unserem Service und k\u00f6nnen direkt <a href=\"https:\/\/evax-shop.ch\/product\/diagnostik-kit\/\">in unserem Online-Shop<\/a> ein Kit bestellen f\u00fcr die Probenentnahme, Aufbewahrung und Versand.<\/p><p>Gleichzeitig erhalten sie automatisch Rabatt auf unsere Pflegeprodukte f\u00fcr den Weiterverkauf \u00fcber ihre Praxis.<\/p><p>Diese Dienstleistung steht ausschliesslich Tier\u00e4rztinnen und Tier\u00e4rzten in der Schweiz zur Verf\u00fcgung. Bitte geben sie bei ihrer Anmeldung Ihren Namen, die Adresse Ihrer Praxis, die Umsatzsteuer-ID, sowie einen Nachweis, dass sie Tier\u00e4rztin\/Tierarzt sind.<\/p><p>Tier\u00e4rztinnen und Tier\u00e4rzte in Deutschland und \u00d6sterreich k\u00f6nnen das Kit hier bestellen: <a href=\"https:\/\/evax-shop.com\/product\/diagnostik-kit\/\">Link zum internationalen Shop<\/a><\/p><p>\u00a0<\/p><p><strong>Ablauf: <\/strong><\/p><p>Sobald sie die Analyse <a href=\"https:\/\/evax-shop.ch\/product\/diagnostik-kit\/\">hier<\/a> bestellt haben, schicken wir Ihnen ein Kit zu mit Biopsiestanze (2 mm), einem R\u00f6hrchen zur Aufbewahrung der Biopsie, allen n\u00f6tigen Unterlagen und einem vorfrankierten R\u00fccksendekuvert. Wenn Sie die Biospie genommen haben, f\u00fcllen sie das Antragsformular aus und schicken uns Biopsie und Formular zu.<\/p><p>Evax AG<br \/>Wagistrasse 21<br \/>8952 Schlieren<\/p><p>\u00a0<\/p><p>Sie erhalten die Resultate innerhalb von 1-2 Wochen per E-mail inklusive Interpretation und Therapieempfehlungen von unseren Experten. Bezahlen sie Kit und Analyse bequem per Rechnung nach Erhalt der Resultate.<\/p><p>\u00a0<\/p><p>Bei Fragen sind wir jederzeit f\u00fcr Sie da. Am besten per E-Mail \u00fcber <a href=\"mailto:diagnostics@evax.ch\">diagnostics@evax.ch<\/a>. In dringenden F\u00e4llen \u00fcber +41 76 454 74 15<\/p><p>[\/et_pb_text][\/et_pb_column][\/et_pb_row][\/et_pb_section][et_pb_section fb_built=\"1\" _builder_version=\"4.22.0\" _module_preset=\"default\" da_disable_devices=\"off|off|off\" global_colors_info=\"{}\" da_is_popup=\"off\" da_exit_intent=\"off\" da_has_close=\"on\" da_alt_close=\"off\" da_dark_close=\"off\" da_not_modal=\"on\" da_is_singular=\"off\" da_with_loader=\"off\" da_has_shadow=\"on\"][\/et_pb_section]<\/p>","_et_gb_content_width":"","footnotes":""},"dipi_cpt_category":[],"class_list":["post-4754","page","type-page","status-publish","hentry"],"yoast_head":"<!-- This site is optimized with the Yoast SEO plugin v27.4 - https:\/\/yoast.com\/product\/yoast-seo-wordpress\/ -->\n<title>Diagnostics - EVAX Shop<\/title>\n<meta name=\"robots\" content=\"index, follow, max-snippet:-1, max-image-preview:large, max-video-preview:-1\" \/>\n<link rel=\"canonical\" href=\"https:\/\/evax-shop.ch\/en\/diagnostics\/\" \/>\n<meta property=\"og:locale\" content=\"en_US\" \/>\n<meta property=\"og:type\" content=\"article\" \/>\n<meta property=\"og:title\" content=\"Diagnostics - EVAX Shop\" \/>\n<meta property=\"og:description\" content=\"DiagnosticsEvax offers a diagnostic service for sweet itch in horses. The Evax laboratory team has developed a method to determine whether a horse has sweet itch by means of molecular biology analysis of skin biopsies. In an affected horse, certain genes are more active than in healthy horses. This gene activity is measured by gene [&hellip;]\" \/>\n<meta property=\"og:url\" content=\"https:\/\/evax-shop.ch\/en\/diagnostics\/\" \/>\n<meta property=\"og:site_name\" content=\"EVAX Shop\" \/>\n<meta property=\"article:modified_time\" content=\"2025-08-20T07:30:18+00:00\" \/>\n<meta name=\"twitter:card\" content=\"summary_large_image\" \/>\n<meta name=\"twitter:label1\" content=\"Est. reading time\" \/>\n\t<meta name=\"twitter:data1\" content=\"3 minutes\" \/>\n<script type=\"application\/ld+json\" class=\"yoast-schema-graph\">{\"@context\":\"https:\\\/\\\/schema.org\",\"@graph\":[{\"@type\":\"WebPage\",\"@id\":\"https:\\\/\\\/evax-shop.ch\\\/en\\\/diagnostics\\\/\",\"url\":\"https:\\\/\\\/evax-shop.ch\\\/en\\\/diagnostics\\\/\",\"name\":\"Diagnostics - EVAX Shop\",\"isPartOf\":{\"@id\":\"https:\\\/\\\/evax-shop.ch\\\/en\\\/#website\"},\"datePublished\":\"2023-10-06T12:56:58+00:00\",\"dateModified\":\"2025-08-20T07:30:18+00:00\",\"breadcrumb\":{\"@id\":\"https:\\\/\\\/evax-shop.ch\\\/en\\\/diagnostics\\\/#breadcrumb\"},\"inLanguage\":\"en-US\",\"potentialAction\":[{\"@type\":\"ReadAction\",\"target\":[\"https:\\\/\\\/evax-shop.ch\\\/en\\\/diagnostics\\\/\"]}]},{\"@type\":\"BreadcrumbList\",\"@id\":\"https:\\\/\\\/evax-shop.ch\\\/en\\\/diagnostics\\\/#breadcrumb\",\"itemListElement\":[{\"@type\":\"ListItem\",\"position\":1,\"name\":\"Startseite\",\"item\":\"https:\\\/\\\/evax-shop.ch\\\/en\\\/\"},{\"@type\":\"ListItem\",\"position\":2,\"name\":\"Diagnostics\"}]},{\"@type\":\"WebSite\",\"@id\":\"https:\\\/\\\/evax-shop.ch\\\/en\\\/#website\",\"url\":\"https:\\\/\\\/evax-shop.ch\\\/en\\\/\",\"name\":\"EVAX Shop\",\"description\":\"Pflegeprodukte f\u00fcr Pferde\",\"potentialAction\":[{\"@type\":\"SearchAction\",\"target\":{\"@type\":\"EntryPoint\",\"urlTemplate\":\"https:\\\/\\\/evax-shop.ch\\\/en\\\/?s={search_term_string}\"},\"query-input\":{\"@type\":\"PropertyValueSpecification\",\"valueRequired\":true,\"valueName\":\"search_term_string\"}}],\"inLanguage\":\"en-US\"}]}<\/script>\n<!-- \/ Yoast SEO plugin. -->","yoast_head_json":{"title":"Diagnostics - EVAX Shop","robots":{"index":"index","follow":"follow","max-snippet":"max-snippet:-1","max-image-preview":"max-image-preview:large","max-video-preview":"max-video-preview:-1"},"canonical":"https:\/\/evax-shop.ch\/en\/diagnostics\/","og_locale":"en_US","og_type":"article","og_title":"Diagnostics - EVAX Shop","og_description":"DiagnosticsEvax offers a diagnostic service for sweet itch in horses. The Evax laboratory team has developed a method to determine whether a horse has sweet itch by means of molecular biology analysis of skin biopsies. In an affected horse, certain genes are more active than in healthy horses. This gene activity is measured by gene [&hellip;]","og_url":"https:\/\/evax-shop.ch\/en\/diagnostics\/","og_site_name":"EVAX Shop","article_modified_time":"2025-08-20T07:30:18+00:00","twitter_card":"summary_large_image","twitter_misc":{"Est. reading time":"3 minutes"},"schema":{"@context":"https:\/\/schema.org","@graph":[{"@type":"WebPage","@id":"https:\/\/evax-shop.ch\/en\/diagnostics\/","url":"https:\/\/evax-shop.ch\/en\/diagnostics\/","name":"Diagnostics - EVAX Shop","isPartOf":{"@id":"https:\/\/evax-shop.ch\/en\/#website"},"datePublished":"2023-10-06T12:56:58+00:00","dateModified":"2025-08-20T07:30:18+00:00","breadcrumb":{"@id":"https:\/\/evax-shop.ch\/en\/diagnostics\/#breadcrumb"},"inLanguage":"en-US","potentialAction":[{"@type":"ReadAction","target":["https:\/\/evax-shop.ch\/en\/diagnostics\/"]}]},{"@type":"BreadcrumbList","@id":"https:\/\/evax-shop.ch\/en\/diagnostics\/#breadcrumb","itemListElement":[{"@type":"ListItem","position":1,"name":"Startseite","item":"https:\/\/evax-shop.ch\/en\/"},{"@type":"ListItem","position":2,"name":"Diagnostics"}]},{"@type":"WebSite","@id":"https:\/\/evax-shop.ch\/en\/#website","url":"https:\/\/evax-shop.ch\/en\/","name":"EVAX Shop","description":"Pflegeprodukte f\u00fcr Pferde","potentialAction":[{"@type":"SearchAction","target":{"@type":"EntryPoint","urlTemplate":"https:\/\/evax-shop.ch\/en\/?s={search_term_string}"},"query-input":{"@type":"PropertyValueSpecification","valueRequired":true,"valueName":"search_term_string"}}],"inLanguage":"en-US"}]}},"_links":{"self":[{"href":"https:\/\/evax-shop.ch\/en\/wp-json\/wp\/v2\/pages\/4754","targetHints":{"allow":["GET"]}}],"collection":[{"href":"https:\/\/evax-shop.ch\/en\/wp-json\/wp\/v2\/pages"}],"about":[{"href":"https:\/\/evax-shop.ch\/en\/wp-json\/wp\/v2\/types\/page"}],"author":[{"embeddable":true,"href":"https:\/\/evax-shop.ch\/en\/wp-json\/wp\/v2\/users\/4"}],"replies":[{"embeddable":true,"href":"https:\/\/evax-shop.ch\/en\/wp-json\/wp\/v2\/comments?post=4754"}],"version-history":[{"count":13,"href":"https:\/\/evax-shop.ch\/en\/wp-json\/wp\/v2\/pages\/4754\/revisions"}],"predecessor-version":[{"id":7081,"href":"https:\/\/evax-shop.ch\/en\/wp-json\/wp\/v2\/pages\/4754\/revisions\/7081"}],"wp:attachment":[{"href":"https:\/\/evax-shop.ch\/en\/wp-json\/wp\/v2\/media?parent=4754"}],"wp:term":[{"taxonomy":"dipi_cpt_category","embeddable":true,"href":"https:\/\/evax-shop.ch\/en\/wp-json\/wp\/v2\/dipi_cpt_category?post=4754"}],"curies":[{"name":"wp","href":"https:\/\/api.w.org\/{rel}","templated":true}]}}